{"id":310,"date":"2025-02-20T23:47:11","date_gmt":"2025-02-20T23:47:11","guid":{"rendered":"https:\/\/cityparking.si\/?page_id=310"},"modified":"2025-02-20T23:48:33","modified_gmt":"2025-02-20T23:48:33","slug":"blog","status":"publish","type":"page","link":"https:\/\/cityparking.si\/sl\/blog\/","title":{"rendered":"Blog"},"content":{"rendered":"<div data-elementor-type=\"wp-page\" data-elementor-id=\"310\" class=\"elementor elementor-310\">\n\t\t\t\t<div class=\"elementor-element elementor-element-d3e9268 e-con-full e-flex wpr-particle-no wpr-jarallax-no wpr-parallax-no wpr-sticky-section-no wpr-equal-height-no e-con e-parent\" data-id=\"d3e9268\" data-element_type=\"container\" data-e-type=\"container\" data-settings=\"{&quot;background_background&quot;:&quot;classic&quot;}\">\n\t\t\t\t<\/div>\n\t\t<div class=\"elementor-element elementor-element-c509427 e-flex e-con-boxed wpr-particle-no wpr-jarallax-no wpr-parallax-no wpr-sticky-section-no wpr-equal-height-no e-con e-parent\" data-id=\"c509427\" data-element_type=\"container\" data-e-type=\"container\">\n\t\t\t\t\t<div class=\"e-con-inner\">\n\t\t\t\t<div class=\"elementor-element elementor-element-087bf8d elementor-widget elementor-widget-heading\" data-id=\"087bf8d\" data-element_type=\"widget\" data-e-type=\"widget\" data-widget_type=\"heading.default\">\n\t\t\t\t<div class=\"elementor-widget-container\">\n\t\t\t\t\t<h2 class=\"elementor-heading-title elementor-size-default\">\"Parkiraj, napolni, o\u010disti: vpogledi in inovacije\"<\/h2>\t\t\t\t<\/div>\n\t\t\t\t<\/div>\n\t\t\t\t<div class=\"elementor-element elementor-element-b03016f elementor-widget elementor-widget-heading\" data-id=\"b03016f\" data-element_type=\"widget\" data-e-type=\"widget\" data-widget_type=\"heading.default\">\n\t\t\t\t<div class=\"elementor-widget-container\">\n\t\t\t\t\t<h2 class=\"elementor-heading-title elementor-size-default\">CITY PARKING BLOG<\/h2>\t\t\t\t<\/div>\n\t\t\t\t<\/div>\n\t\t\t\t<div class=\"elementor-element elementor-element-99ac584 elementor-widget elementor-widget-text-editor\" data-id=\"99ac584\" data-element_type=\"widget\" data-e-type=\"widget\" data-widget_type=\"text-editor.default\">\n\t\t\t\t<div class=\"elementor-widget-container\">\n\t\t\t\t\t\t\t\t\t<p>Dobrodo\u0161li v razdelku na\u0161ega spletnega dnevnika, kjer vam predstavljamo najnovej\u0161e posodobitve, fascinantna dejstva in inovativne ideje v svetu parkiranja, polnilnih postaj za elektri\u010dna vozila, pralnic in avtopralnic. Bodite obve\u0161\u010deni o najnovej\u0161ih tehnologijah in trendih, ki oblikujejo te industrije, odkrijte zanimiva spoznanja in poi\u0161\u010dite navdih za optimizacijo parkirnih prostorov ali izbolj\u0161anje rutine nege avtomobila. Ne glede na to, ali ste navdu\u0161eni nad trajnostjo, vas zanimajo vrhunske inovacije ali i\u0161\u010dete prakti\u010dne nasvete za upravljanje potreb, povezanih z vozilom, ima na\u0161 blog nekaj za vsakogar. Pridru\u017eite se nam, ko raziskujemo sti\u010di\u0161\u010de udobja, trajnosti in sodobne opreme v svetu parkiranja, polnjenja in storitev vzdr\u017eevanja avtomobila.<\/p>\t\t\t\t\t\t\t\t<\/div>\n\t\t\t\t<\/div>\n\t\t\t\t\t<\/div>\n\t\t\t\t<\/div>\n\t\t<div class=\"elementor-element elementor-element-73cc11f e-flex e-con-boxed wpr-particle-no wpr-jarallax-no wpr-parallax-no wpr-sticky-section-no wpr-equal-height-no e-con e-parent\" data-id=\"73cc11f\" data-element_type=\"container\" data-e-type=\"container\">\n\t\t\t\t\t<div class=\"e-con-inner\">\n\t\t\t\t<div class=\"elementor-element elementor-element-b091ec9 wpr-grid-columns-3 wpr-grid-columns--tablet2 wpr-grid-columns--mobile1 wpr-item-styles-inner elementor-widget elementor-widget-wpr-grid\" data-id=\"b091ec9\" data-element_type=\"widget\" data-e-type=\"widget\" data-widget_type=\"wpr-grid.default\">\n\t\t\t\t<div class=\"elementor-widget-container\">\n\t\t\t\t\t<ul class=\"wpr-grid-filters elementor-clearfix wpr-grid-filters-sep-right\"><li class=\"wpr-pointer-none wpr-pointer-line-fx wpr-pointer-fx-none\"><span  data-filter=\"*\" class=\"wpr-grid-filters-item wpr-active-filter\">All Posts<\/span><em class=\"wpr-grid-filters-sep\"><\/em><\/li><\/ul><section class=\"wpr-grid elementor-clearfix\" data-settings=\"{&quot;layout&quot;:&quot;fitRows&quot;,&quot;stick_last_element_to_bottom&quot;:&quot;&quot;,&quot;columns_desktop&quot;:3,&quot;gutter_hr&quot;:15,&quot;gutter_hr_mobile&quot;:15,&quot;gutter_hr_mobile_extra&quot;:15,&quot;gutter_hr_tablet&quot;:15,&quot;gutter_hr_tablet_extra&quot;:15,&quot;gutter_hr_laptop&quot;:15,&quot;gutter_hr_widescreen&quot;:15,&quot;gutter_vr&quot;:15,&quot;gutter_vr_mobile&quot;:15,&quot;gutter_vr_mobile_extra&quot;:15,&quot;gutter_vr_tablet&quot;:15,&quot;gutter_vr_tablet_extra&quot;:15,&quot;gutter_vr_laptop&quot;:15,&quot;gutter_vr_widescreen&quot;:15,&quot;animation&quot;:&quot;default&quot;,&quot;animation_duration&quot;:0.3,&quot;animation_delay&quot;:0.1,&quot;deeplinking&quot;:&quot;&quot;,&quot;filters_linkable&quot;:&quot;no&quot;,&quot;filters_default_filter&quot;:&quot;&quot;,&quot;filters_count&quot;:&quot;&quot;,&quot;filters_hide_empty&quot;:&quot;no&quot;,&quot;filters_animation&quot;:&quot;default&quot;,&quot;filters_animation_duration&quot;:0.3,&quot;filters_animation_delay&quot;:0.1,&quot;pagination_type&quot;:&quot;load-more&quot;,&quot;pagination_max_pages&quot;:1,&quot;lightbox&quot;:{&quot;selector&quot;:&quot;.wpr-grid-image-wrap&quot;,&quot;iframeMaxWidth&quot;:&quot;60%&quot;,&quot;hash&quot;:false,&quot;autoplay&quot;:&quot;true&quot;,&quot;pause&quot;:5000,&quot;progressBar&quot;:&quot;true&quot;,&quot;counter&quot;:&quot;true&quot;,&quot;controls&quot;:&quot;true&quot;,&quot;getCaptionFromTitleOrAlt&quot;:&quot;true&quot;,&quot;thumbnail&quot;:&quot;&quot;,&quot;showThumbByDefault&quot;:&quot;&quot;,&quot;share&quot;:&quot;&quot;,&quot;zoom&quot;:&quot;true&quot;,&quot;fullScreen&quot;:&quot;true&quot;,&quot;download&quot;:&quot;true&quot;}}\" data-advanced-filters=\"no\"><article class=\"wpr-grid-item elementor-clearfix post-412 post type-post status-publish format-standard has-post-thumbnail hentry category-uncategorized\"><div class=\"wpr-grid-item-inner\"><div class=\"wpr-grid-media-wrap wpr-effect-size-medium\" data-overlay-link=\"yes\"><div class=\"wpr-grid-image-wrap\" data-src=\"https:\/\/cityparking.si\/wp-content\/uploads\/2025\/02\/getty-images-q75GDx7OmM4-unsplash-scaled.jpg\" data-img-on-hover=\"\"  data-src-secondary=\"\"><img decoding=\"async\" data-no-lazy=\"1\" src=\"https:\/\/cityparking.si\/wp-content\/uploads\/2025\/02\/getty-images-q75GDx7OmM4-unsplash-scaled.jpg\" alt=\"Introducing City Parking: Revolutionizing Your Urban Experience in Maribor\" class=\"wpr-anim-timing-ease-default\"><\/div><div class=\"wpr-grid-media-hover wpr-animation-wrap\"><div class=\"wpr-grid-media-hover-bg  wpr-overlay-fade-in wpr-anim-size-large wpr-anim-timing-ease-default wpr-anim-transparency\" data-url=\"https:\/\/cityparking.si\/sl\/2025\/02\/21\/introducing-city-parking-revolutionizing-your-urban-experience-in-maribor\/\"><\/div><\/div><\/div><div class=\"wpr-grid-item-below-content elementor-clearfix\"><h2 class=\"wpr-grid-item-title elementor-repeater-item-1be37ce wpr-grid-item-display-block wpr-grid-item-align-left wpr-pointer-none wpr-pointer-line-fx wpr-pointer-fx-fade\"><div class=\"inner-block\"><a target=\"_self\"  href=\"https:\/\/cityparking.si\/sl\/2025\/02\/21\/introducing-city-parking-revolutionizing-your-urban-experience-in-maribor\/\">Predstavljamo City Parking: Revolucioniranje va\u0161e urbane izku\u0161nje v Mariboru<\/a><\/div><\/h2><div class=\"wpr-grid-item-excerpt elementor-repeater-item-bd3afd8 wpr-grid-item-display-block wpr-grid-item-align-left\"><div class=\"inner-block\"><p>A Glimpse into City Parking Welcome to City Parking, the cornerstone of convenience in Maribor, where we redefine your urban...<\/p><\/div><\/div><\/div><\/div><\/article><article class=\"wpr-grid-item elementor-clearfix post-379 post type-post status-publish format-standard has-post-thumbnail hentry category-uncategorized\"><div class=\"wpr-grid-item-inner\"><div class=\"wpr-grid-media-wrap wpr-effect-size-medium\" data-overlay-link=\"yes\"><div class=\"wpr-grid-image-wrap\" data-src=\"https:\/\/cityparking.si\/wp-content\/uploads\/2025\/02\/getty-images-6pku3z-81hU-unsplash-1-scaled-1.jpg\" data-img-on-hover=\"\"  data-src-secondary=\"\"><img decoding=\"async\" data-no-lazy=\"1\" src=\"https:\/\/cityparking.si\/wp-content\/uploads\/2025\/02\/getty-images-6pku3z-81hU-unsplash-1-scaled-1.jpg\" alt=\"Laundry Land: Your Laundry Experience in Maribor\" class=\"wpr-anim-timing-ease-default\"><\/div><div class=\"wpr-grid-media-hover wpr-animation-wrap\"><div class=\"wpr-grid-media-hover-bg  wpr-overlay-fade-in wpr-anim-size-large wpr-anim-timing-ease-default wpr-anim-transparency\" data-url=\"https:\/\/cityparking.si\/sl\/2025\/02\/21\/laundry-land-your-laundry-experience-in-maribor\/\"><\/div><\/div><\/div><div class=\"wpr-grid-item-below-content elementor-clearfix\"><h2 class=\"wpr-grid-item-title elementor-repeater-item-1be37ce wpr-grid-item-display-block wpr-grid-item-align-left wpr-pointer-none wpr-pointer-line-fx wpr-pointer-fx-fade\"><div class=\"inner-block\"><a target=\"_self\"  href=\"https:\/\/cityparking.si\/sl\/2025\/02\/21\/laundry-land-your-laundry-experience-in-maribor\/\">Laundry Land: Va\u0161a pralnica perila v Mariboru<\/a><\/div><\/h2><div class=\"wpr-grid-item-excerpt elementor-repeater-item-bd3afd8 wpr-grid-item-display-block wpr-grid-item-align-left\"><div class=\"inner-block\"><p>A Fresh Spin on Laundry In the bustling heart of Maribor, amidst the urban rhythm and daily hustle, lies a...<\/p><\/div><\/div><\/div><\/div><\/article><article class=\"wpr-grid-item elementor-clearfix post-346 post type-post status-publish format-standard has-post-thumbnail hentry category-uncategorized\"><div class=\"wpr-grid-item-inner\"><div class=\"wpr-grid-media-wrap wpr-effect-size-medium\" data-overlay-link=\"yes\"><div class=\"wpr-grid-image-wrap\" data-src=\"https:\/\/cityparking.si\/wp-content\/uploads\/2025\/02\/getty-images-WFVo_gaeVzw-unsplash-scaled.jpg\" data-img-on-hover=\"\"  data-src-secondary=\"\"><img decoding=\"async\" data-no-lazy=\"1\" src=\"https:\/\/cityparking.si\/wp-content\/uploads\/2025\/02\/getty-images-WFVo_gaeVzw-unsplash-scaled.jpg\" alt=\"Sparkle and Shine: The New Car Wash Station at City Parking\" class=\"wpr-anim-timing-ease-default\"><\/div><div class=\"wpr-grid-media-hover wpr-animation-wrap\"><div class=\"wpr-grid-media-hover-bg  wpr-overlay-fade-in wpr-anim-size-large wpr-anim-timing-ease-default wpr-anim-transparency\" data-url=\"https:\/\/cityparking.si\/sl\/2025\/02\/20\/sparkle-and-shine-the-new-car-wash-station-at-city-parking\/\"><\/div><\/div><\/div><div class=\"wpr-grid-item-below-content elementor-clearfix\"><h2 class=\"wpr-grid-item-title elementor-repeater-item-1be37ce wpr-grid-item-display-block wpr-grid-item-align-left wpr-pointer-none wpr-pointer-line-fx wpr-pointer-fx-fade\"><div class=\"inner-block\"><a target=\"_self\"  href=\"https:\/\/cityparking.si\/sl\/2025\/02\/20\/sparkle-and-shine-the-new-car-wash-station-at-city-parking\/\">Sijaj in sijaj: Nova avtopralnica na mestnem parkiri\u0161\u010du<\/a><\/div><\/h2><div class=\"wpr-grid-item-excerpt elementor-repeater-item-bd3afd8 wpr-grid-item-display-block wpr-grid-item-align-left\"><div class=\"inner-block\"><p>A Gleaming Welcome This May 2024, City Parking is set to unveil its latest addition, redefining the concept of convenience...<\/p><\/div><\/div><\/div><\/div><\/article><\/section>\t\t\t\t<\/div>\n\t\t\t\t<\/div>\n\t\t\t\t\t<\/div>\n\t\t\t\t<\/div>\n\t\t\t\t<\/div>","protected":false},"excerpt":{"rendered":"<p>&#8220;Park, Charge, Clean: Insights &amp; Innovations&#8221; CITY PARKING BLOG Welcome to our blog section, where we bring you the latest updates, fascinating facts, and innovative ideas in the world of parking, electric vehicle charging stations, laundromats, and car wash services. Stay informed about the newest technologies and trends shaping these industries, discover interesting insights, and find inspiration for optimizing your parking facilities or enhancing your car care routine. Whether you&#8217;re passionate about sustainability, interested in cutting-edge innovations, or seeking practical tips for managing your vehicle-related needs, our blog has something for everyone. Join us as we explore the intersection of convenience, sustainability, and modern amenities in the world of parking, charging, and car care services. All Posts Uncategorized Hello world! Welcome to WordPress. This is your first post. Edit or delete it, then start writing!<\/p>","protected":false},"author":1,"featured_media":0,"parent":0,"menu_order":0,"comment_status":"closed","ping_status":"closed","template":"elementor_header_footer","meta":{"footnotes":""},"class_list":["post-310","page","type-page","status-publish","hentry"],"_links":{"self":[{"href":"https:\/\/cityparking.si\/sl\/wp-json\/wp\/v2\/pages\/310","targetHints":{"allow":["GET"]}}],"collection":[{"href":"https:\/\/cityparking.si\/sl\/wp-json\/wp\/v2\/pages"}],"about":[{"href":"https:\/\/cityparking.si\/sl\/wp-json\/wp\/v2\/types\/page"}],"author":[{"embeddable":true,"href":"https:\/\/cityparking.si\/sl\/wp-json\/wp\/v2\/users\/1"}],"replies":[{"embeddable":true,"href":"https:\/\/cityparking.si\/sl\/wp-json\/wp\/v2\/comments?post=310"}],"version-history":[{"count":4,"href":"https:\/\/cityparking.si\/sl\/wp-json\/wp\/v2\/pages\/310\/revisions"}],"predecessor-version":[{"id":325,"href":"https:\/\/cityparking.si\/sl\/wp-json\/wp\/v2\/pages\/310\/revisions\/325"}],"wp:attachment":[{"href":"https:\/\/cityparking.si\/sl\/wp-json\/wp\/v2\/media?parent=310"}],"curies":[{"name":"wp","href":"https:\/\/api.w.org\/{rel}","templated":true}]}}